{"id":285,"date":"2025-03-30T16:23:27","date_gmt":"2025-03-30T14:23:27","guid":{"rendered":"https:\/\/jana-stefanek.de\/?page_id=285"},"modified":"2025-04-01T01:08:01","modified_gmt":"2025-03-31T23:08:01","slug":"einzelbegleitung","status":"publish","type":"page","link":"https:\/\/jana-stefanek.de\/?page_id=285","title":{"rendered":"Einzelbegleitung"},"content":{"rendered":"\n<div class=\"wp-block-columns is-layout-flex wp-container-core-columns-is-layout-28f84493 wp-block-columns-is-layout-flex\">\n<div class=\"wp-block-column is-layout-flow wp-block-column-is-layout-flow\" style=\"flex-basis:66.66%\">\n<h2 class=\"wp-block-heading\" id=\"einzelbegleitung\">Individuell &amp; frei<\/h2>\n\n\n\n<p><strong>Einzelarbeit mit der Stimme<\/strong><\/p>\n\n\n\n<p>Manchmal braucht es einen gesch\u00fctzten Raum, in dem Stimme sich zeigen und entfalten kann \u2013 ganz individuell und unmittelbar. Ich begleite Menschen in Einzelstunden: Menschen, die singen und k\u00fcnstlerisch arbeiten \u2013 etwa in Bands oder Ch\u00f6ren \u2013 und ihre stimmlichen Ausdruck bewusster einsetzen und erweitern wollen. Und Menschen, die danach sehnen, \u00fcber ihre Stimme und ihren K\u00f6rper Zugang zu sich selbst zu bekommen. Die pers\u00f6nliche Eigenheit und Lebendigkeit f\u00fcr-wahr-zunehmen, anzuerkennen und zum Ausdruck zu bringen.<\/p>\n\n\n\n<p>In diesen Stunden geht es um mehr als Gesangstechnik.<\/p>\n\n\n\n<p>Wir arbeiten mit Atem, K\u00f6rperwahrnehmung, Stimme, Klang \u2013 und mit Liedern, die zum Leben passen oder eine Herausforderung bieten. Jede Stunde entsteht im Dialog, im Moment \u2013 ohne Schema, ohne Dogma, ohne Heilsversprechen oder ideologische \u00dcberh\u00f6hungen.<\/p>\n\n\n\n<p>Meine Arbeit ist fundiert, k\u00f6rperlich verankert und lebt von genauer Wahrnehmung. Sie bleibt menschlich und frei, lebendig und klar und geschieht im echten Kontakt. Es geht nicht darum, irgendwohin zu gelangen. Es geht darum, zu f\u00fchlen, wo man gerade ist &#8211; und von dort aus weiterzugehen.<\/p>\n\n\n\n<p>Ob einmalig oder als l\u00e4ngerer Weg \u2013 alles beginnt mit dem ersten Schritt.<\/p>\n\n\n\n<p><strong>Termine nach individueller <a href=\"https:\/\/jana-stefanek.de\/?page_id=65\">Vereinbarung.<\/a><\/strong><\/p>\n<\/div>\n\n\n\n<div class=\"wp-block-column is-layout-flow wp-block-column-is-layout-flow\" style=\"flex-basis:33.33%\"><\/div>\n<\/div>\n\n\n\n<div style=\"height:100px\" aria-hidden=\"true\" class=\"wp-block-spacer\"><\/div>\n\n\n\n<hr class=\"wp-block-separator has-alpha-channel-opacity is-style-wide\"\/>\n","protected":false},"excerpt":{"rendered":"<p>Individuell &amp; frei Einzelarbeit mit der Stimme Manchmal braucht es einen gesch\u00fctzten Raum, in dem Stimme sich zeigen und entfalten kann \u2013 ganz individuell und unmittelbar. Ich begleite Menschen in Einzelstunden: Menschen, die singen und k\u00fcnstlerisch arbeiten \u2013 etwa in Bands oder Ch\u00f6ren \u2013 und ihre stimmlichen Ausdruck bewusster einsetzen und erweitern wollen. Und Menschen, &hellip; <\/p>\n<p class=\"link-more\"><a href=\"https:\/\/jana-stefanek.de\/?page_id=285\" class=\"more-link\">Mehr <span class=\"screen-reader-text\">\u00fcber &#8222;Einzelbegleitung&#8220; <\/span>Lesen<\/a><\/p>\n","protected":false},"author":1,"featured_media":0,"parent":0,"menu_order":0,"comment_status":"closed","ping_status":"closed","template":"","meta":{"inspiro_hide_title":false,"footnotes":""},"class_list":["post-285","page","type-page","status-publish","hentry"],"_links":{"self":[{"href":"https:\/\/jana-stefanek.de\/index.php?rest_route=\/wp\/v2\/pages\/285","targetHints":{"allow":["GET"]}}],"collection":[{"href":"https:\/\/jana-stefanek.de\/index.php?rest_route=\/wp\/v2\/pages"}],"about":[{"href":"https:\/\/jana-stefanek.de\/index.php?rest_route=\/wp\/v2\/types\/page"}],"author":[{"embeddable":true,"href":"https:\/\/jana-stefanek.de\/index.php?rest_route=\/wp\/v2\/users\/1"}],"replies":[{"embeddable":true,"href":"https:\/\/jana-stefanek.de\/index.php?rest_route=%2Fwp%2Fv2%2Fcomments&post=285"}],"version-history":[{"count":4,"href":"https:\/\/jana-stefanek.de\/index.php?rest_route=\/wp\/v2\/pages\/285\/revisions"}],"predecessor-version":[{"id":430,"href":"https:\/\/jana-stefanek.de\/index.php?rest_route=\/wp\/v2\/pages\/285\/revisions\/430"}],"wp:attachment":[{"href":"https:\/\/jana-stefanek.de\/index.php?rest_route=%2Fwp%2Fv2%2Fmedia&parent=285"}],"curies":[{"name":"wp","href":"https:\/\/api.w.org\/{rel}","templated":true}]}}