{"id":289,"date":"2025-03-30T16:24:41","date_gmt":"2025-03-30T14:24:41","guid":{"rendered":"https:\/\/jana-stefanek.de\/?page_id=289"},"modified":"2025-04-01T22:37:48","modified_gmt":"2025-04-01T20:37:48","slug":"stimme-auszeit","status":"publish","type":"page","link":"https:\/\/jana-stefanek.de\/?page_id=289","title":{"rendered":"Stimm- und Erholungsreisen"},"content":{"rendered":"\n<div class=\"wp-block-columns is-layout-flex wp-container-core-columns-is-layout-28f84493 wp-block-columns-is-layout-flex\">\n<div class=\"wp-block-column is-layout-flow wp-block-column-is-layout-flow\" style=\"flex-basis:66.66%\">\n<p><strong>Zeit f\u00fcr dich. Raum f\u00fcr Neues. <\/strong><\/p>\n\n\n\n<p><\/p>\n\n\n\n<p>Die eigene Haust\u00fcr hinter sich schlie\u00dfen und f\u00fcr eine Weile abtauchen. Hin und wieder braucht es diesen Schritt aus dem Alltag, um das Eigene wieder f\u00fchlen zu k\u00f6nnen &#8211; die innere Stimme, den <a href=\"https:\/\/open.spotify.com\/intl-de\/track\/2HPNsJdoIto3FAxBasiNUZ?si=09680acecfbe4b1a\" data-type=\"link\" data-id=\"https:\/\/open.spotify.com\/intl-de\/track\/2HPNsJdoIto3FAxBasiNUZ?si=09680acecfbe4b1a\">Herzgesang<\/a>.<\/p>\n\n\n\n<p><br>F\u00fcr den einen ist es eine Art Einkehr, f\u00fcr den anderen eine Auszeit oder Urlaub. Hier entsteht Raum, sich selbst auf andere Weise zu begegnen. Innere Prozesse werden sp\u00fcrbar, erkennbar \u2013 und finden stimmigen Ausdruck.<\/p>\n\n\n\n<p><br>Retreats und Freizeiten er\u00f6ffnen Erfahrungsr\u00e4ume jenseits des Gewohnten: Menschen begegnen sich, kommen ins T\u00f6nen, ins Schwingen \u2013 drau\u00dfen in der Natur, am Feuer, im gesch\u00fctzten Raum oder unterwegs auf einem gemeinsamen Weg.<\/p>\n\n\n\n<p>Diese Formate richten sich an Menschen mit und ohne musikalische Vorerfahrung, an Neugierige, Singfreudige, Stille-Liebende \u2013 an alle, die \u00fcber die Stimme mit sich und anderen in Verbindung kommen m\u00f6chten.<\/p>\n<\/div>\n\n\n\n<div class=\"wp-block-column is-layout-flow wp-block-column-is-layout-flow\" style=\"flex-basis:33.33%\"><\/div>\n<\/div>\n\n\n\n<p><\/p>\n","protected":false},"excerpt":{"rendered":"<p>Zeit f\u00fcr dich. Raum f\u00fcr Neues. Die eigene Haust\u00fcr hinter sich schlie\u00dfen und f\u00fcr eine Weile abtauchen. Hin und wieder braucht es diesen Schritt aus dem Alltag, um das Eigene wieder f\u00fchlen zu k\u00f6nnen &#8211; die innere Stimme, den Herzgesang. F\u00fcr den einen ist es eine Art Einkehr, f\u00fcr den anderen eine Auszeit oder Urlaub. &hellip; <\/p>\n<p class=\"link-more\"><a href=\"https:\/\/jana-stefanek.de\/?page_id=289\" class=\"more-link\">Mehr <span class=\"screen-reader-text\">\u00fcber &#8222;Stimm- und Erholungsreisen&#8220; <\/span>Lesen<\/a><\/p>\n","protected":false},"author":1,"featured_media":0,"parent":0,"menu_order":0,"comment_status":"closed","ping_status":"closed","template":"","meta":{"inspiro_hide_title":false,"footnotes":""},"class_list":["post-289","page","type-page","status-publish","hentry"],"_links":{"self":[{"href":"https:\/\/jana-stefanek.de\/index.php?rest_route=\/wp\/v2\/pages\/289","targetHints":{"allow":["GET"]}}],"collection":[{"href":"https:\/\/jana-stefanek.de\/index.php?rest_route=\/wp\/v2\/pages"}],"about":[{"href":"https:\/\/jana-stefanek.de\/index.php?rest_route=\/wp\/v2\/types\/page"}],"author":[{"embeddable":true,"href":"https:\/\/jana-stefanek.de\/index.php?rest_route=\/wp\/v2\/users\/1"}],"replies":[{"embeddable":true,"href":"https:\/\/jana-stefanek.de\/index.php?rest_route=%2Fwp%2Fv2%2Fcomments&post=289"}],"version-history":[{"count":5,"href":"https:\/\/jana-stefanek.de\/index.php?rest_route=\/wp\/v2\/pages\/289\/revisions"}],"predecessor-version":[{"id":513,"href":"https:\/\/jana-stefanek.de\/index.php?rest_route=\/wp\/v2\/pages\/289\/revisions\/513"}],"wp:attachment":[{"href":"https:\/\/jana-stefanek.de\/index.php?rest_route=%2Fwp%2Fv2%2Fmedia&parent=289"}],"curies":[{"name":"wp","href":"https:\/\/api.w.org\/{rel}","templated":true}]}}