{"id":291,"date":"2025-03-30T16:25:57","date_gmt":"2025-03-30T14:25:57","guid":{"rendered":"https:\/\/jana-stefanek.de\/?page_id=291"},"modified":"2025-04-03T10:40:13","modified_gmt":"2025-04-03T08:40:13","slug":"workshops-seminare","status":"publish","type":"page","link":"https:\/\/jana-stefanek.de\/?page_id=291","title":{"rendered":"Workshops &amp; Seminare"},"content":{"rendered":"\n<div class=\"wp-block-columns is-layout-flex wp-container-core-columns-is-layout-28f84493 wp-block-columns-is-layout-flex\">\n<div class=\"wp-block-column is-layout-flow wp-block-column-is-layout-flow\" style=\"flex-basis:66.66%\">\n<h2 class=\"wp-block-heading\" id=\"workshops\"><strong>Impulse zum Wachsen \u2013 musikalisch, k\u00f6rperorientiert, erfahrungsbezogen<\/strong><\/h2>\n\n\n\n<p><\/p>\n\n\n\n<p>Ich gestalte Workshops und Seminare f\u00fcr Menschen, die sich stimmlich, musikalisch oder pers\u00f6nlich weiterentwickeln wollen \u2013 sei es im beruflichen Kontext oder aus pers\u00f6nlichem Interesse. Meine Formate sind praxisnah, bewegungsorientiert und verbunden mit dem, was Menschen im Innersten bewegt. Sie richten sich an:<\/p>\n\n\n\n<ul class=\"wp-block-list\">\n<li><strong>Chorgruppen und Singkreise<\/strong>, die neue Impulse suchen (z.\u202fB. Jodeln, georgischer Gesang, Mehrstimmigkeit, K\u00f6rper &amp; Stimme)<\/li>\n\n\n\n<li><strong>P\u00e4dagogische, therapeutische und pflegerische Fachkr\u00e4fte<\/strong>, die Musik und Stimme sich und ihr berufliches Feld als Kraftquelle entdecken wollen<\/li>\n\n\n\n<li><strong>F\u00fchrungskr\u00e4fte<\/strong>, die Pr\u00e4senz, Klarheit und Verbindung in ihrer Kommunikation st\u00e4rken m\u00f6chten<\/li>\n\n\n\n<li><strong>Teams<\/strong>, die auf kreative Weise in Kontakt kommen wollen \u2013 \u00fcber Musik, Bewegung und gemeinsame Resonanzr\u00e4ume<\/li>\n<\/ul>\n\n\n\n<p><strong>M\u00f6gliche Themen k\u00f6nnten sein:<\/strong><\/p>\n\n\n\n<ul class=\"wp-block-list\">\n<li>Stimme und Singen im (p\u00e4dagogischen\/therapeutischen\/pflegerischen) Alltag<\/li>\n\n\n\n<li>Musikalische Biografiearbeit<\/li>\n\n\n\n<li>Musik und Gesang zur Unterst\u00fctzung von Heilungs- und Regenerationprozessen<\/li>\n\n\n\n<li>Sterben, Abschied und Trauer stimmlich begleiten<\/li>\n\n\n\n<li>Stimme als Ausdruck innerer \u00dcberg\u00e4nge<\/li>\n<\/ul>\n\n\n\n<p>Immer wieder entstehen auch offene Angebote zu besonderen Anl\u00e4ssen \u2013 z.\u202fB. w\u00e4hrend der <a href=\"https:\/\/www.mendelssohn-stiftung.de\/de\/konzerte\/782\"><em>Museumsnacht im Mendelssohn-Haus <\/em><\/a>Leipzig oder im Rahmen von kulturellen Kooperationen.<\/p>\n\n\n\n<p>Meine Formate sind anpassbar, situativ gestaltet und entstehen im echten Kontakt mit dem, was gebraucht wird \u2013 klar, offen, ohne Methodendogma. Ich sch\u00f6pfe aus einer vielf\u00e4ltigen Praxiserfahrung, arbeite mit einem breiten Repertoire und dem, was sich im Moment zeigt.<\/p>\n\n\n\n<p>Bei Interesse \u00fcber Zusammenarbeit und Austausch bin ich <a href=\"https:\/\/jana-stefanek.de\/?page_id=65\">hier erreichbar<\/a>. Ich bin neugierig.<\/p>\n<\/div>\n\n\n\n<div class=\"wp-block-column is-layout-flow wp-block-column-is-layout-flow\" style=\"flex-basis:33.33%\"><\/div>\n<\/div>\n","protected":false},"excerpt":{"rendered":"<p>Impulse zum Wachsen \u2013 musikalisch, k\u00f6rperorientiert, erfahrungsbezogen Ich gestalte Workshops und Seminare f\u00fcr Menschen, die sich stimmlich, musikalisch oder pers\u00f6nlich weiterentwickeln wollen \u2013 sei es im beruflichen Kontext oder aus pers\u00f6nlichem Interesse. Meine Formate sind praxisnah, bewegungsorientiert und verbunden mit dem, was Menschen im Innersten bewegt. Sie richten sich an: M\u00f6gliche Themen k\u00f6nnten sein: Immer &hellip; <\/p>\n<p class=\"link-more\"><a href=\"https:\/\/jana-stefanek.de\/?page_id=291\" class=\"more-link\">Mehr <span class=\"screen-reader-text\">\u00fcber &#8222;Workshops &amp; Seminare&#8220; <\/span>Lesen<\/a><\/p>\n","protected":false},"author":1,"featured_media":0,"parent":0,"menu_order":0,"comment_status":"closed","ping_status":"closed","template":"","meta":{"inspiro_hide_title":false,"footnotes":""},"class_list":["post-291","page","type-page","status-publish","hentry"],"_links":{"self":[{"href":"https:\/\/jana-stefanek.de\/index.php?rest_route=\/wp\/v2\/pages\/291","targetHints":{"allow":["GET"]}}],"collection":[{"href":"https:\/\/jana-stefanek.de\/index.php?rest_route=\/wp\/v2\/pages"}],"about":[{"href":"https:\/\/jana-stefanek.de\/index.php?rest_route=\/wp\/v2\/types\/page"}],"author":[{"embeddable":true,"href":"https:\/\/jana-stefanek.de\/index.php?rest_route=\/wp\/v2\/users\/1"}],"replies":[{"embeddable":true,"href":"https:\/\/jana-stefanek.de\/index.php?rest_route=%2Fwp%2Fv2%2Fcomments&post=291"}],"version-history":[{"count":10,"href":"https:\/\/jana-stefanek.de\/index.php?rest_route=\/wp\/v2\/pages\/291\/revisions"}],"predecessor-version":[{"id":585,"href":"https:\/\/jana-stefanek.de\/index.php?rest_route=\/wp\/v2\/pages\/291\/revisions\/585"}],"wp:attachment":[{"href":"https:\/\/jana-stefanek.de\/index.php?rest_route=%2Fwp%2Fv2%2Fmedia&parent=291"}],"curies":[{"name":"wp","href":"https:\/\/api.w.org\/{rel}","templated":true}]}}