{"id":293,"date":"2025-03-30T16:25:32","date_gmt":"2025-03-30T14:25:32","guid":{"rendered":"https:\/\/jana-stefanek.de\/?page_id=293"},"modified":"2025-04-01T22:51:20","modified_gmt":"2025-04-01T20:51:20","slug":"singen-mit-kindern","status":"publish","type":"page","link":"https:\/\/jana-stefanek.de\/?page_id=293","title":{"rendered":"Singen mit Kindern"},"content":{"rendered":"\n<h2 class=\"wp-block-heading\" id=\"kinderchor\"><\/h2>\n\n\n\n<div class=\"wp-block-columns is-layout-flex wp-container-core-columns-is-layout-28f84493 wp-block-columns-is-layout-flex\">\n<div class=\"wp-block-column is-layout-flow wp-block-column-is-layout-flow\" style=\"flex-basis:66.66%\">\n<h2 class=\"wp-block-heading\" id=\"kinderchor\"><strong>Chorarbeit an Schulen<\/strong><\/h2>\n\n\n\n<p><\/p>\n\n\n\n<p>Seit 2022 leite ich Kinderch\u00f6re an zwei Grundschulen im Leipziger Osten. Dort erleben Kinder, wie lebendig und freudvoll Singen sein kann \u2013 ohne Notendruck, aber mit Neugier, Begeisterung und viel Bewegung. Aktuell ist die Chorarbeit an die Schulen gebunden, aber ich freue mich \u00fcber Kooperationsideen, Konzertanfragen oder Impulse f\u00fcr neue Projekte. Eine kurze <a href=\"https:\/\/jana-stefanek.de\/?page_id=65\">Nachricht an mich<\/a> kann viel bewegen.<\/p>\n\n\n\n<p>Gerade in einer Zeit, in der viele Kinder durch Leistungsdruck, schulische Anforderungen und nicht zuletzt auch durch die Folgen der Corona-Zeit verunsichert oder gehemmt sind, m\u00f6chte ich ein klares Gegengewicht setzen:<\/p>\n\n\n\n<p class=\"has-text-align-center\"><strong>Ein Raum, in dem die Stimme frei sein darf.<\/strong><br><strong>Eine Zeit, in der Unbefangenheit, Spielfreude und Selbstvertrauen wachsen k\u00f6nnen <\/strong><br><strong>\u2013 ganz ohne Bewertung.<\/strong><\/p>\n\n\n\n<p>Mein Ziel ist es, die nat\u00fcrliche Singfreude fr\u00fchzeitig zu erhalten, zu st\u00e4rken oder neu zu wecken. Wir singen quer durch die Zeiten, Sprachen und Stimmungen \u2013 und finden dabei auch mehrstimmig zusammen. F\u00fcr viele Kinder ist das eine w\u00f6chentliche Insel, in der sie sich mitteilen, st\u00e4rken und wachsen k\u00f6nnen. Denn wer als Kind erlebt, dass die eigene Stimme etwas Wertvolles ist, der tr\u00e4gt diese Verbindung ein Leben lang in sich.<\/p>\n<\/div>\n\n\n\n<div class=\"wp-block-column is-layout-flow wp-block-column-is-layout-flow\" style=\"flex-basis:33.33%\"><\/div>\n<\/div>\n\n\n\n<p><\/p>\n","protected":false},"excerpt":{"rendered":"<p>Chorarbeit an Schulen Seit 2022 leite ich Kinderch\u00f6re an zwei Grundschulen im Leipziger Osten. Dort erleben Kinder, wie lebendig und freudvoll Singen sein kann \u2013 ohne Notendruck, aber mit Neugier, Begeisterung und viel Bewegung. Aktuell ist die Chorarbeit an die Schulen gebunden, aber ich freue mich \u00fcber Kooperationsideen, Konzertanfragen oder Impulse f\u00fcr neue Projekte. Eine &hellip; <\/p>\n<p class=\"link-more\"><a href=\"https:\/\/jana-stefanek.de\/?page_id=293\" class=\"more-link\">Mehr <span class=\"screen-reader-text\">\u00fcber &#8222;Singen mit Kindern&#8220; <\/span>Lesen<\/a><\/p>\n","protected":false},"author":1,"featured_media":0,"parent":0,"menu_order":0,"comment_status":"closed","ping_status":"closed","template":"","meta":{"inspiro_hide_title":false,"footnotes":""},"class_list":["post-293","page","type-page","status-publish","hentry"],"_links":{"self":[{"href":"https:\/\/jana-stefanek.de\/index.php?rest_route=\/wp\/v2\/pages\/293","targetHints":{"allow":["GET"]}}],"collection":[{"href":"https:\/\/jana-stefanek.de\/index.php?rest_route=\/wp\/v2\/pages"}],"about":[{"href":"https:\/\/jana-stefanek.de\/index.php?rest_route=\/wp\/v2\/types\/page"}],"author":[{"embeddable":true,"href":"https:\/\/jana-stefanek.de\/index.php?rest_route=\/wp\/v2\/users\/1"}],"replies":[{"embeddable":true,"href":"https:\/\/jana-stefanek.de\/index.php?rest_route=%2Fwp%2Fv2%2Fcomments&post=293"}],"version-history":[{"count":9,"href":"https:\/\/jana-stefanek.de\/index.php?rest_route=\/wp\/v2\/pages\/293\/revisions"}],"predecessor-version":[{"id":520,"href":"https:\/\/jana-stefanek.de\/index.php?rest_route=\/wp\/v2\/pages\/293\/revisions\/520"}],"wp:attachment":[{"href":"https:\/\/jana-stefanek.de\/index.php?rest_route=%2Fwp%2Fv2%2Fmedia&parent=293"}],"curies":[{"name":"wp","href":"https:\/\/api.w.org\/{rel}","templated":true}]}}