{"id":295,"date":"2025-03-30T16:24:20","date_gmt":"2025-03-30T14:24:20","guid":{"rendered":"https:\/\/jana-stefanek.de\/?page_id=295"},"modified":"2025-04-03T10:41:06","modified_gmt":"2025-04-03T08:41:06","slug":"musik-therapie","status":"publish","type":"page","link":"https:\/\/jana-stefanek.de\/?page_id=295","title":{"rendered":"Musik &amp; Therapie"},"content":{"rendered":"\n<div class=\"wp-block-columns is-layout-flex wp-container-core-columns-is-layout-28f84493 wp-block-columns-is-layout-flex\">\n<div class=\"wp-block-column is-layout-flow wp-block-column-is-layout-flow\" style=\"flex-basis:66.66%\">\n<h2 class=\"wp-block-heading\" id=\"lebens\u00fcber\u00e4nge\">Musiktherapie \u2013 Begleitung im Tageshospiz<\/h2>\n\n\n\n<p><strong>Lebens\u00fcberg\u00e4nge gestalten<\/strong><\/p>\n\n\n\n<p>Mein eigener Herzstillstand war ein Wendepunkt &#8211; und das gr\u00f6\u00dfte Geschenk zugleich. Nicht, weil sich mein Blick auf Leben und Sterben grundlegend ver\u00e4ndert hat, sondern weil ich durch das Erleben dessen einen pers\u00f6nlichen Zugang zum Leben erfahren habe. Kein Ende, sondern Wandlung, ein \u00dcbergang &#8211; vergleichbar mit einer Geburt: eine Bewegung aus einem Zustand des Seins in einen anderen. Weiterleben &#8211; in anderer Form.<\/p>\n\n\n\n<p>Einmal pro Woche begleite ich im Tageshospiz der <em><a href=\"https:\/\/hospiz-villa-auguste.de\/tageshospiz.html\">Villa Auguste Leipzig<\/a><\/em> Menschen, die sich in einer besonders sensiblen Phase ihres Lebens befinden: in der des letzten \u00dcbergangs. <br>Auch wenn dieses Angebot ein geschlossener Rahmen ist, bin ich offen daf\u00fcr, <strong>meine Erfahrungen in <a href=\"https:\/\/jana-stefanek.de\/?page_id=291\">Fortbildungen oder Austauschformaten<\/a> weiterzugeben<\/strong> \u2013 eine kurze <a href=\"https:\/\/jana-stefanek.de\/?page_id=65\">Nachricht an mich<\/a> gen\u00fcgt.<\/p>\n\n\n\n<p>Die Musik, die dort entsteht \u2013 durch gemeinsames Singen und T\u00f6nen, das Spiel mit Instrumenten, z.B. dem K\u00f6rper-Monochord, der Shruti-Box, Kalimbas, Klangspielen, Trommeln oder den Liedern aus dem Leben der Menschen selbst wird zum Dialog. Ein tiefer und lebendiger Austausch zwischen den Menschen, mit sich selbst, zwischen Erinnerung und Erwartung im Augenblick.<\/p>\n\n\n\n<p>Jede musiktherapeutische Begegnung in diesem Rahmen ist einzigartig. Manche Menschen sehe ich nur wenige Male, andere \u00fcber mehrere Wochen und Monate. Jede musikalische Session entsteht aus dem Moment &#8211; spontan, lebending und ausgerichtet auf die jeweilge Tagesverfassung und Konstellation &#8211; eine gr\u00f6\u00dfere Runde, ein kleiner Kreis oder ein nahes Einzelsetting. <\/p>\n\n\n\n<p>Meine T\u00e4tigkeit im Hospiz schenkt mir nicht nur tiefen Zugang zum Gegen\u00fcber, sondern auch immer wieder einen stillen Blick auf das Wunder des Lebens selbst &#8211; und auf die W\u00fcrde, die jedem einzelnen innewohnt, gerade am \u00dcbergang. Diese Arbeit ist mir deshalb besonders nah und lieb. Sie vertr\u00e4gt keine Konzepte, sondern ruft nach Pr\u00e4senz. Sie lebt nicht von gro\u00dfen Worten oder spektakul\u00e4ren T\u00f6nen, sondern vom Zuh\u00f6ren, Mitgehen, Mitklingen. Oft ist es dann eine Ber\u00fchrung, ein Blick, ein herzhaftes Lachen oder tiefes Seufzen, ein leiser Ton oder auch nur gemeinsames Atmen. Musik am Lebensende ist etwas, das nicht nur ber\u00fchrt, sondern auch tr\u00e4gt.<\/p>\n\n\n\n<p><a href=\"http:\/\/mdr.de\/nachrichten\/sachsen\/leipzig\/krank-tod-sterben-pflege-tageshospiz-100.html\">Hier<\/a> gewinnt man mehr Einblick.<\/p>\n\n\n\n<p><\/p>\n\n\n\n<p><\/p>\n<\/div>\n\n\n\n<div class=\"wp-block-column is-layout-flow wp-block-column-is-layout-flow\" style=\"flex-basis:33.33%\"><\/div>\n<\/div>\n\n\n\n<p><\/p>\n","protected":false},"excerpt":{"rendered":"<p>Musiktherapie \u2013 Begleitung im Tageshospiz Lebens\u00fcberg\u00e4nge gestalten Mein eigener Herzstillstand war ein Wendepunkt &#8211; und das gr\u00f6\u00dfte Geschenk zugleich. Nicht, weil sich mein Blick auf Leben und Sterben grundlegend ver\u00e4ndert hat, sondern weil ich durch das Erleben dessen einen pers\u00f6nlichen Zugang zum Leben erfahren habe. Kein Ende, sondern Wandlung, ein \u00dcbergang &#8211; vergleichbar mit einer &hellip; <\/p>\n<p class=\"link-more\"><a href=\"https:\/\/jana-stefanek.de\/?page_id=295\" class=\"more-link\">Mehr <span class=\"screen-reader-text\">\u00fcber &#8222;Musik &amp; Therapie&#8220; <\/span>Lesen<\/a><\/p>\n","protected":false},"author":1,"featured_media":0,"parent":0,"menu_order":0,"comment_status":"closed","ping_status":"closed","template":"","meta":{"inspiro_hide_title":false,"footnotes":""},"class_list":["post-295","page","type-page","status-publish","hentry"],"_links":{"self":[{"href":"https:\/\/jana-stefanek.de\/index.php?rest_route=\/wp\/v2\/pages\/295","targetHints":{"allow":["GET"]}}],"collection":[{"href":"https:\/\/jana-stefanek.de\/index.php?rest_route=\/wp\/v2\/pages"}],"about":[{"href":"https:\/\/jana-stefanek.de\/index.php?rest_route=\/wp\/v2\/types\/page"}],"author":[{"embeddable":true,"href":"https:\/\/jana-stefanek.de\/index.php?rest_route=\/wp\/v2\/users\/1"}],"replies":[{"embeddable":true,"href":"https:\/\/jana-stefanek.de\/index.php?rest_route=%2Fwp%2Fv2%2Fcomments&post=295"}],"version-history":[{"count":17,"href":"https:\/\/jana-stefanek.de\/index.php?rest_route=\/wp\/v2\/pages\/295\/revisions"}],"predecessor-version":[{"id":586,"href":"https:\/\/jana-stefanek.de\/index.php?rest_route=\/wp\/v2\/pages\/295\/revisions\/586"}],"wp:attachment":[{"href":"https:\/\/jana-stefanek.de\/index.php?rest_route=%2Fwp%2Fv2%2Fmedia&parent=295"}],"curies":[{"name":"wp","href":"https:\/\/api.w.org\/{rel}","templated":true}]}}