{"id":297,"date":"2025-03-30T16:23:57","date_gmt":"2025-03-30T14:23:57","guid":{"rendered":"https:\/\/jana-stefanek.de\/?page_id=297"},"modified":"2025-04-01T23:06:58","modified_gmt":"2025-04-01T21:06:58","slug":"musik-buehne","status":"publish","type":"page","link":"https:\/\/jana-stefanek.de\/?page_id=297","title":{"rendered":"Aktuelle B\u00fchnenprogramme"},"content":{"rendered":"\n<h2 class=\"wp-block-heading has-text-align-center has-large-font-size\"><em>Meine Damen, meine Herren, <br>Sie d\u00fcrfen Platz nehmen.<\/em><\/h2>\n\n\n\n<p><\/p>\n\n\n\n<div class=\"wp-block-columns is-layout-flex wp-container-core-columns-is-layout-28f84493 wp-block-columns-is-layout-flex\">\n<div class=\"wp-block-column is-layout-flow wp-block-column-is-layout-flow\" style=\"flex-basis:66.66%\">\n<p>Ob Volkslied, Moritat, Chanson, Jodelruf oder Schlager der 30er &amp; 40er Jahre, stille Ges\u00e4nge oder freie Improvisationen &#8211; meine Programme sind so vielf\u00e4ltig wie die Wege, die mein Leben genommen hat.<\/p>\n\n\n\n<p><\/p>\n\n\n\n<hr class=\"wp-block-separator has-alpha-channel-opacity\"\/>\n\n\n\n<p>Ich empfinde einen gro\u00dfen Unterschied zwischen fasziniert sein und ber\u00fchrt sein.<br>Ich stehe gern auf der B\u00fchne und ber\u00fchre gern: mit Herz, Stimme und Erfahrung.<\/p>\n\n\n\n<p>In meinen Programmen geht es um das, was das Leben ausmacht: Das Leise und das Laute, das Nachdenkliche und das Derbe, das Zarte wie das Kantige. <br>Ich bin eine Frau, die sich nie nur auf eine Seite festlegt &#8211; und genauso wenig sind es die Menschen im Publikum.<\/p>\n\n\n\n<p>Meine Programme sind wie mein Leben: humorvoll und tiefgr\u00fcndig, unterhaltsam und r\u00fchrend. Ich bringe die Menschen zum Schmunzeln, Nachdenken und wecke etwas, das schon lange in ihnen schlummert: ihre eigene Lebendigkeit.<br><\/p>\n\n\n\n<p><strong>Zeit, sich in Ruhe umzuschauen &#8211; vielleicht kreuzen sich unsere Wege auch einmal live.<\/strong><\/p>\n<\/div>\n\n\n\n<div class=\"wp-block-column is-layout-flow wp-block-column-is-layout-flow\" style=\"flex-basis:33.33%\"><\/div>\n<\/div>\n\n\n\n<p><\/p>\n\n\n\n<p><\/p>\n\n\n\n<hr class=\"wp-block-separator has-alpha-channel-opacity\"\/>\n\n\n\n<p class=\"has-text-align-center\"><\/p>\n\n\n\n<div class=\"wp-block-columns is-layout-flex wp-container-core-columns-is-layout-28f84493 wp-block-columns-is-layout-flex\">\n<div class=\"wp-block-column is-layout-flow wp-block-column-is-layout-flow\">\n<h2 class=\"wp-block-heading has-text-align-center\" id=\"moritaten\"><strong>&#8222;Oh Mordgeschrei, oh \u00dcbelthat&#8220; <\/strong><\/h2>\n\n\n\n<p class=\"has-text-align-center\"><strong><em>Schauerliches und Skurriles<\/em>. <\/strong><br>Mit Andreas Stefanek und Birgit Nitschke<\/p>\n\n\n\n<p class=\"has-text-align-center\">Moritaten, B\u00e4nkelges\u00e4nge und Chansons &#8211; zwischen Spott, Tragik und musikalischem Augenzwinkern.<\/p>\n<\/div>\n\n\n\n<div class=\"wp-block-column is-layout-flow wp-block-column-is-layout-flow\">\n<h2 class=\"wp-block-heading has-text-align-center\" id=\"emil\"><strong>&#8222;Heimliche Liebe&#8220;<\/strong><\/h2>\n\n\n\n<p class=\"has-text-align-center\"><br><em><strong>Volkslieder, schlicht, ergreifend, voller Weisheit. <\/strong><\/em><br>Mit Emil Petrov (Gitarre)<\/p>\n\n\n\n<p class=\"has-text-align-center\"><br>&#8211; zart, kraftvoll, unerh\u00f6rt aktuell.<\/p>\n<\/div>\n\n\n\n<div class=\"wp-block-column is-layout-flow wp-block-column-is-layout-flow\">\n<h2 class=\"wp-block-heading has-text-align-center\"><strong>&#8222;Stille Zeit&#8220;<\/strong><\/h2>\n\n\n\n<p><\/p>\n\n\n\n<p class=\"has-text-align-center\"><em><strong>Lieder und Weisen zum Innewerden. <\/strong><\/em><br>Mit Stefan Weyh (Harfe und Alphorn)<\/p>\n\n\n\n<p class=\"has-text-align-center\">Raum zur Besinnung in der hektischen Zeit. Lauschen auf die leisen Zwischent\u00f6ne <br>&#8211; Wesentliches wahrnehmen.<\/p>\n<\/div>\n<\/div>\n\n\n\n<hr class=\"wp-block-separator has-alpha-channel-opacity\"\/>\n\n\n\n<p class=\"has-text-align-center\"><\/p>\n\n\n\n<div class=\"wp-block-columns is-layout-flex wp-container-core-columns-is-layout-28f84493 wp-block-columns-is-layout-flex\">\n<div class=\"wp-block-column is-layout-flow wp-block-column-is-layout-flow\">\n<h2 class=\"wp-block-heading has-text-align-center\" id=\"stefan\"><strong>&#8222;Erz\u00e4hl mir&#8220;<\/strong><\/h2>\n\n\n\n<p class=\"has-text-align-center\"><em><strong>Lieder, Imrovisationen und musikalische Geschichten.<\/strong><\/em><br>Ein Konzert mit Simon Jakob Drees (Stimme, Violine, Gitarre)<\/p>\n\n\n\n<p class=\"has-text-align-center\">&#8211; poetisch, \u00fcberaschend, originell.<\/p>\n<\/div>\n\n\n\n<div class=\"wp-block-column is-layout-flow wp-block-column-is-layout-flow\">\n<h2 class=\"wp-block-heading has-text-align-center\" id=\"norbert\"><strong>&#8222;Mai Maadele, mai Tschuurale&#8220; <\/strong><\/h2>\n\n\n\n<p class=\"has-text-align-center\"><strong><em> Menschliches und G\u00f6ttliches<\/em> <\/strong><br>Mit Norbert Roth (Gitarre, Shruti-Box, Monochord)<\/p>\n\n\n\n<p class=\"has-text-align-center\">&#8211;  die besten und sch\u00f6nsten Lieder.<\/p>\n\n\n\n<p class=\"has-text-align-center\"><\/p>\n<\/div>\n\n\n\n<div class=\"wp-block-column is-layout-flow wp-block-column-is-layout-flow\">\n<h2 class=\"wp-block-heading has-text-align-center\" id=\"fyra\"><strong>&#8222;Schl\u00e4ft ein Lied in allen Dingen&#8220;<\/strong><\/h2>\n\n\n\n<p class=\"has-text-align-center\"><strong><em>4 Frauen &#8211; 4 Stimmen.<\/em> <\/strong><br>FYRA, das Leipziger Frauenvokalensemble.<\/p>\n\n\n\n<p class=\"has-text-align-center\">&#8211; eine starke weibliche Mischung.<\/p>\n<\/div>\n<\/div>\n\n\n\n<p class=\"has-text-align-center\"><\/p>\n\n\n\n<p class=\"has-text-align-center\"><\/p>\n\n\n\n<p class=\"has-text-align-center\"><\/p>\n\n\n\n<p class=\"has-text-align-center\"><\/p>\n","protected":false},"excerpt":{"rendered":"<p>Meine Damen, meine Herren, Sie d\u00fcrfen Platz nehmen. Ob Volkslied, Moritat, Chanson, Jodelruf oder Schlager der 30er &amp; 40er Jahre, stille Ges\u00e4nge oder freie Improvisationen &#8211; meine Programme sind so vielf\u00e4ltig wie die Wege, die mein Leben genommen hat. Ich empfinde einen gro\u00dfen Unterschied zwischen fasziniert sein und ber\u00fchrt sein.Ich stehe gern auf der B\u00fchne &hellip; <\/p>\n<p class=\"link-more\"><a href=\"https:\/\/jana-stefanek.de\/?page_id=297\" class=\"more-link\">Mehr <span class=\"screen-reader-text\">\u00fcber &#8222;Aktuelle B\u00fchnenprogramme&#8220; <\/span>Lesen<\/a><\/p>\n","protected":false},"author":1,"featured_media":0,"parent":0,"menu_order":0,"comment_status":"closed","ping_status":"closed","template":"","meta":{"inspiro_hide_title":false,"footnotes":""},"class_list":["post-297","page","type-page","status-publish","hentry"],"_links":{"self":[{"href":"https:\/\/jana-stefanek.de\/index.php?rest_route=\/wp\/v2\/pages\/297","targetHints":{"allow":["GET"]}}],"collection":[{"href":"https:\/\/jana-stefanek.de\/index.php?rest_route=\/wp\/v2\/pages"}],"about":[{"href":"https:\/\/jana-stefanek.de\/index.php?rest_route=\/wp\/v2\/types\/page"}],"author":[{"embeddable":true,"href":"https:\/\/jana-stefanek.de\/index.php?rest_route=\/wp\/v2\/users\/1"}],"replies":[{"embeddable":true,"href":"https:\/\/jana-stefanek.de\/index.php?rest_route=%2Fwp%2Fv2%2Fcomments&post=297"}],"version-history":[{"count":19,"href":"https:\/\/jana-stefanek.de\/index.php?rest_route=\/wp\/v2\/pages\/297\/revisions"}],"predecessor-version":[{"id":528,"href":"https:\/\/jana-stefanek.de\/index.php?rest_route=\/wp\/v2\/pages\/297\/revisions\/528"}],"wp:attachment":[{"href":"https:\/\/jana-stefanek.de\/index.php?rest_route=%2Fwp%2Fv2%2Fmedia&parent=297"}],"curies":[{"name":"wp","href":"https:\/\/api.w.org\/{rel}","templated":true}]}}