{"id":319,"date":"2025-03-30T16:56:00","date_gmt":"2025-03-30T14:56:00","guid":{"rendered":"https:\/\/jana-stefanek.de\/?page_id=319"},"modified":"2025-11-07T00:20:40","modified_gmt":"2025-11-06T23:20:40","slug":"sommer-singe-woche-fuer-jung-alt","status":"publish","type":"page","link":"https:\/\/jana-stefanek.de\/?page_id=319","title":{"rendered":"Sommer-Singe-Woche f\u00fcr Gro\u00df &amp; Klein"},"content":{"rendered":"\n<p class=\"has-text-align-center\"><\/p>\n\n\n\n<div class=\"wp-block-columns is-layout-flex wp-container-core-columns-is-layout-28f84493 wp-block-columns-is-layout-flex\">\n<div class=\"wp-block-column is-layout-flow wp-block-column-is-layout-flow\" style=\"flex-basis:66.66%\">\n<p class=\"has-text-align-left has-medium-font-size\"><strong>Ferien mit Klang und Gesang<\/strong><\/p>\n\n\n\n<p class=\"has-text-align-left has-medium-font-size\"><strong>Sonntag, 26.  \u2013  Donnerstag, 30. Juli 202<\/strong>6<\/p>\n\n\n\n<p><\/p>\n\n\n\n<p>Diese Woche ist mehr als ein musikalisches Angebot \u2013 sie ist eine Einladung, den <strong>Sommer mit allen Sinnen zu erleben, <\/strong>Gemeinschaft zu sp\u00fcren, Neues zu entdecken, und einfach das Sommerleben zu genie\u00dfen. <\/p>\n\n\n\n<p>F\u00fcnf Tage miteinander<strong> singen, musizieren, tanzen, baden, kochen, entdecken und entspannen<\/strong> \u2013 in einer Atmosph\u00e4re, die Gemeinschaft erm\u00f6glicht und zugleich individuelle Freir\u00e4ume l\u00e4sst. Jeder Tag hat seinen eigenen Rhythmus: gemeinsame Musikzeiten am Vor- oder Nachmittag, musikalische Runden nach dem Abendessen &#8211; dazwischen Zeit f\u00fcr dich und deine Lieben.<\/p>\n\n\n\n<p>Wer Lust hat, kann im nahegelegenen See baden, spazieren gehen, eine kleine Radwanderung machen oder im Garten entspannen. Ein besonderes Erlebnis ist der Besuch im <strong><a href=\"https:\/\/klanggewoelbe-delitzsch.de\/\">Klanggew\u00f6lbe des Barockschlosses Delitzsch<\/a><\/strong> &#8211; wo Gongs, Klangschalen und au\u00dfergew\u00f6hnliche Instrumente den Raum auf besondere Weise zum Schwingen bringen.<\/p>\n\n\n\n<p>Damit die Woche pers\u00f6nlich und \u00fcberschaubar bleibt, ist die Gruppe auf <strong>etwa 20 Personen<\/strong> begrenzt.<\/p>\n\n\n\n<p><strong>Hier sind alle richtig, die<\/strong> Freude am Singen und Musizieren haben, offen sind f\u00fcr neue Begegnungen und fr\u00f6hliche Gemeinschaft sch\u00e4tzen &#8211; gro\u00dfe, kleine, junge und alte Menschen, Eltern mit Kindern oder Gro\u00dfeltern mit Enkeln, Paare, Einzelne, Freunde, Menschen mit unterschiedlichen F\u00e4higkeiten &#8211; und du.<\/p>\n\n\n\n<p><strong>Ort:<\/strong><\/p>\n\n\n\n<p>Die Woche findet im <a href=\"https:\/\/www.diakonisches-bildungshaus-sausedlitz.de\/\">Diakonischen Bildungshaus Sausedlitz<\/a> statt, eine knappe Autostunde von Leipzig entfernt in der N\u00e4he von Delitzsch. <br>Das Haus bietet <strong>12 helle Zweibettzimmer <\/strong>mit insgesamt 25 Schlafpl\u00e4tzen, darunter <strong>ein barrierefreies Zimmer mit separatem Bad<\/strong>. Auf jeder Etage gibt es Gemeinschaftsb\u00e4der, eine gro\u00dfe, gut ausgestattete Selbstversorgerk\u00fcche und mehrere Gruppenr\u00e4ume f\u00fcr Musik und Begegnung. <br>Der weitl\u00e4ufige <strong>Garten mit Terrasse<\/strong> l\u00e4dt zu Spielen, Zeltaufbau, Grillabenden oder Lagerfeuern ein. In nur 10 Gehminuten erreicht man den <strong>Sausedlitzer See<\/strong> &#8211; ideal zum Baden und Verweilen.<br><\/p>\n\n\n\n<p><strong>Verpflegung:<\/strong><\/p>\n\n\n\n<p>Wir legen Wert auf gemeinsames Kochen mit frischen Zutaten, was den Zusammenhalt st\u00e4rkt und Raum f\u00fcr kulinarische Kreativit\u00e4t bietet.<\/p>\n\n\n\n<p><strong>Kosten (inklusive Unterkunft, Verpflegung und Programm):<\/strong><\/p>\n\n\n\n<ul class=\"wp-block-list\">\n<li>Erwachsene: <strong>350 \u20ac<\/strong><\/li>\n\n\n\n<li>Kinder\/Jugendliche: <strong>150\/200 \u20ac<\/strong><\/li>\n<\/ul>\n\n\n\n<p><\/p>\n\n\n\n<p><strong>Lust auf gute Laune? <a href=\"https:\/\/jana-stefanek.de\/?page_id=65\">Meldet euch JETZT hier an: <\/a><\/strong><\/p>\n<\/div>\n\n\n\n<div class=\"wp-block-column is-layout-flow wp-block-column-is-layout-flow\" style=\"flex-basis:33.33%\">\n<figure class=\"wp-block-image size-large\"><a href=\"https:\/\/jana-stefanek.de\/wp-content\/uploads\/2025\/11\/Singewocheplakat.png\"><img fetchpriority=\"high\" decoding=\"async\" width=\"683\" height=\"1024\" src=\"https:\/\/jana-stefanek.de\/wp-content\/uploads\/2025\/11\/Singewocheplakat-683x1024.png\" alt=\"\" class=\"wp-image-624\" srcset=\"https:\/\/jana-stefanek.de\/wp-content\/uploads\/2025\/11\/Singewocheplakat-683x1024.png 683w, https:\/\/jana-stefanek.de\/wp-content\/uploads\/2025\/11\/Singewocheplakat-200x300.png 200w, https:\/\/jana-stefanek.de\/wp-content\/uploads\/2025\/11\/Singewocheplakat.png 1024w\" sizes=\"(max-width: 683px) 100vw, 683px\" \/><\/a><\/figure>\n<\/div>\n<\/div>\n\n\n\n<p><\/p>\n","protected":false},"excerpt":{"rendered":"<p>Ferien mit Klang und Gesang Sonntag, 26. \u2013 Donnerstag, 30. Juli 2026 Diese Woche ist mehr als ein musikalisches Angebot \u2013 sie ist eine Einladung, den Sommer mit allen Sinnen zu erleben, Gemeinschaft zu sp\u00fcren, Neues zu entdecken, und einfach das Sommerleben zu genie\u00dfen. F\u00fcnf Tage miteinander singen, musizieren, tanzen, baden, kochen, entdecken und entspannen &hellip; <\/p>\n<p class=\"link-more\"><a href=\"https:\/\/jana-stefanek.de\/?page_id=319\" class=\"more-link\">Mehr <span class=\"screen-reader-text\">\u00fcber &#8222;Sommer-Singe-Woche f\u00fcr Gro\u00df &amp; Klein&#8220; <\/span>Lesen<\/a><\/p>\n","protected":false},"author":1,"featured_media":0,"parent":0,"menu_order":0,"comment_status":"closed","ping_status":"closed","template":"","meta":{"inspiro_hide_title":false,"footnotes":""},"class_list":["post-319","page","type-page","status-publish","hentry"],"_links":{"self":[{"href":"https:\/\/jana-stefanek.de\/index.php?rest_route=\/wp\/v2\/pages\/319","targetHints":{"allow":["GET"]}}],"collection":[{"href":"https:\/\/jana-stefanek.de\/index.php?rest_route=\/wp\/v2\/pages"}],"about":[{"href":"https:\/\/jana-stefanek.de\/index.php?rest_route=\/wp\/v2\/types\/page"}],"author":[{"embeddable":true,"href":"https:\/\/jana-stefanek.de\/index.php?rest_route=\/wp\/v2\/users\/1"}],"replies":[{"embeddable":true,"href":"https:\/\/jana-stefanek.de\/index.php?rest_route=%2Fwp%2Fv2%2Fcomments&post=319"}],"version-history":[{"count":25,"href":"https:\/\/jana-stefanek.de\/index.php?rest_route=\/wp\/v2\/pages\/319\/revisions"}],"predecessor-version":[{"id":625,"href":"https:\/\/jana-stefanek.de\/index.php?rest_route=\/wp\/v2\/pages\/319\/revisions\/625"}],"wp:attachment":[{"href":"https:\/\/jana-stefanek.de\/index.php?rest_route=%2Fwp%2Fv2%2Fmedia&parent=319"}],"curies":[{"name":"wp","href":"https:\/\/api.w.org\/{rel}","templated":true}]}}