{"id":54,"date":"2025-03-24T22:58:56","date_gmt":"2025-03-24T21:58:56","guid":{"rendered":"https:\/\/jana-stefanek.de\/?page_id=54"},"modified":"2025-11-07T00:41:46","modified_gmt":"2025-11-06T23:41:46","slug":"termine","status":"publish","type":"page","link":"https:\/\/jana-stefanek.de\/?page_id=54","title":{"rendered":"Termine"},"content":{"rendered":"\n<h2 class=\"wp-block-heading\"><\/h2>\n\n\n\n<p><\/p>\n\n\n\n<h2 class=\"wp-block-heading\">Regelm\u00e4\u00dfige Angebote &#8211; Offen f\u00fcr alle!<\/h2>\n\n\n\n<p class=\"has-medium-font-size\"><strong>Jeder kann singen &#8211; du auch! Hier sind deine Singgelegenheiten f\u00fcr den Alltag.<\/strong><\/p>\n\n\n\n<p><\/p>\n\n\n\n<div class=\"wp-block-columns is-layout-flex wp-container-core-columns-is-layout-28f84493 wp-block-columns-is-layout-flex\">\n<div class=\"wp-block-column is-layout-flow wp-block-column-is-layout-flow\">\n<p class=\"has-medium-font-size\"><strong><em>Einfach Miteinander Singen<\/em> <\/strong><em>im Leipziger S\u00fcdosten<\/em><\/p>\n\n\n\n<p><em><em>Offen f\u00fcr alle, ohne Anmeldung, auf Spendenbasis<\/em><\/em>. <em>Jede Woche ein anderer Schwerpunkt<\/em>:<\/p>\n\n\n\n<ul class=\"wp-block-list\">\n<li>1. Mittwoch: Singen querbeet<\/li>\n\n\n\n<li>2. Mittwoch: Jodeln<\/li>\n\n\n\n<li>3. Mittwoch: Singen querbeet<\/li>\n\n\n\n<li>4. Mittwoch: Georgische Lieder <\/li>\n<\/ul>\n\n\n\n<p><strong>Wann:<\/strong> immer mittwochs \/ 19:00 &#8211; 20:30 Uhr \/ au\u00dfer in den Ferien<br><strong>Wo:<\/strong> Berggut Holzhausen, Zuckelhausener Ring 17, 04288 Leipzig<\/p>\n<\/div>\n\n\n\n<div class=\"wp-block-column is-layout-flow wp-block-column-is-layout-flow\">\n<p class=\"has-medium-font-size\"><strong><em>Offenes Singen 60+<\/em><\/strong><\/p>\n\n\n\n<p><em>Ein offenes Singen f\u00fcr lebenserfahrene Menschen &#8211; entspannt, verbindend und mit viel Freude<\/em>.<\/p>\n\n\n\n<p><strong>Wann:<\/strong> Jeden 3. Dienstag im Monat \/ 10:00 &#8211; 11:00 Uhr <br><strong>Wo:<\/strong> Gemeindehaus Auenkirche Markkleeberg, Kirchsstra\u00dfe 36, 04416 Markkleeberg<\/p>\n\n\n\n<p><strong>n\u00e4chste Termine:<\/strong> 18.11. \/ 16.12.2025<\/p>\n<\/div>\n<\/div>\n\n\n\n<p class=\"has-medium-font-size\"><strong><em><br><\/em><\/strong><\/p>\n\n\n\n<h2 class=\"wp-block-heading\">kommende Veranstaltungen <\/h2>\n\n\n\n<div class=\"wp-block-columns is-layout-flex wp-container-core-columns-is-layout-28f84493 wp-block-columns-is-layout-flex\">\n<div class=\"wp-block-column is-layout-flow wp-block-column-is-layout-flow\">\n<figure class=\"wp-block-image size-large\"><a href=\"https:\/\/jana-stefanek.de\/wp-content\/uploads\/2025\/11\/Lieder-Gesaenge-Jodler-Improvisationen-4.png\"><img fetchpriority=\"high\" decoding=\"async\" width=\"724\" height=\"1024\" src=\"https:\/\/jana-stefanek.de\/wp-content\/uploads\/2025\/11\/Lieder-Gesaenge-Jodler-Improvisationen-4-724x1024.png\" alt=\"\" class=\"wp-image-627\" srcset=\"https:\/\/jana-stefanek.de\/wp-content\/uploads\/2025\/11\/Lieder-Gesaenge-Jodler-Improvisationen-4-724x1024.png 724w, https:\/\/jana-stefanek.de\/wp-content\/uploads\/2025\/11\/Lieder-Gesaenge-Jodler-Improvisationen-4-212x300.png 212w, https:\/\/jana-stefanek.de\/wp-content\/uploads\/2025\/11\/Lieder-Gesaenge-Jodler-Improvisationen-4.png 1414w\" sizes=\"(max-width: 724px) 100vw, 724px\" \/><\/a><\/figure>\n<\/div>\n\n\n\n<div class=\"wp-block-column is-layout-flow wp-block-column-is-layout-flow\">\n<figure class=\"wp-block-image size-full\"><a href=\"https:\/\/jana-stefanek.de\/wp-content\/uploads\/2025\/11\/stille-Zeit.png\"><img decoding=\"async\" width=\"656\" height=\"928\" src=\"https:\/\/jana-stefanek.de\/wp-content\/uploads\/2025\/11\/stille-Zeit.png\" alt=\"\" class=\"wp-image-628\" srcset=\"https:\/\/jana-stefanek.de\/wp-content\/uploads\/2025\/11\/stille-Zeit.png 656w, https:\/\/jana-stefanek.de\/wp-content\/uploads\/2025\/11\/stille-Zeit-212x300.png 212w\" sizes=\"(max-width: 656px) 100vw, 656px\" \/><\/a><\/figure>\n<\/div>\n\n\n\n<div class=\"wp-block-column is-layout-flow wp-block-column-is-layout-flow\">\n<figure class=\"wp-block-image size-large\"><a href=\"https:\/\/jana-stefanek.de\/wp-content\/uploads\/2025\/11\/Singewocheplakat-1.png\"><img decoding=\"async\" width=\"683\" height=\"1024\" src=\"https:\/\/jana-stefanek.de\/wp-content\/uploads\/2025\/11\/Singewocheplakat-1-683x1024.png\" alt=\"\" class=\"wp-image-629\" srcset=\"https:\/\/jana-stefanek.de\/wp-content\/uploads\/2025\/11\/Singewocheplakat-1-683x1024.png 683w, https:\/\/jana-stefanek.de\/wp-content\/uploads\/2025\/11\/Singewocheplakat-1-200x300.png 200w, https:\/\/jana-stefanek.de\/wp-content\/uploads\/2025\/11\/Singewocheplakat-1.png 1024w\" sizes=\"(max-width: 683px) 100vw, 683px\" \/><\/a><\/figure>\n<\/div>\n<\/div>\n\n\n\n<h2 class=\"wp-block-heading\">Besondere Veranstaltungen 2025<\/h2>\n\n\n\n<p><\/p>\n\n\n\n<div class=\"wp-block-columns is-layout-flex wp-container-core-columns-is-layout-28f84493 wp-block-columns-is-layout-flex\">\n<div class=\"wp-block-column is-layout-flow wp-block-column-is-layout-flow\">\n<h2 class=\"wp-block-heading\">10. Mai <\/h2>\n\n\n\n<p><\/p>\n\n\n\n<p class=\"has-medium-font-size\"><a href=\"https:\/\/www.mendelssohn-stiftung.de\/de\/konzerte\/782\"><strong>Jodeln <\/strong><br><strong>im Mendelssohnhaus Leipzig<\/strong><\/a><\/p>\n\n\n\n<p>Alpen-Belcanto und<br>Jodelworkshop (mit Diplom) zur Museumsnacht Leipzig<\/p>\n\n\n\n<p><\/p>\n<\/div>\n\n\n\n<div class=\"wp-block-column is-layout-flow wp-block-column-is-layout-flow\">\n<h2 class=\"wp-block-heading\">30. Juni &#8211; 4. Juli<\/h2>\n\n\n\n<p class=\"has-medium-font-size\"><a href=\"https:\/\/jana-stefanek.de\/?page_id=319\"><strong>Sommer-Singe-Woche <\/strong><br><strong>f\u00fcr Gro\u00df &amp; Klein in Sausedlitz<\/strong><\/a><\/p>\n\n\n\n<p>Miteinander singen, musizieren und tanzen, baden, kochen, Lagerfeuer und beste Gesellschaft!<\/p>\n\n\n\n<p id=\"sommersingewoche\"><\/p>\n<\/div>\n\n\n\n<div class=\"wp-block-column is-layout-flow wp-block-column-is-layout-flow\">\n<h2 class=\"wp-block-heading\">29. Sept. &#8211; 2. Okt. <\/h2>\n\n\n\n<p class=\"has-medium-font-size\"><a href=\"https:\/\/jana-stefanek.de\/?page_id=317\" data-type=\"page\" data-id=\"317\"><strong>&#8222;Natur &#8211; Stimme&#8220;<br>im Bio Refugium Schmilka<\/strong><\/a><\/p>\n\n\n\n<p>Deine Auszeit und Einkehr. Wandern. Durchatmen. Singen. T\u00f6nen. Verweilen. Kraft sch\u00f6pfen.<\/p>\n\n\n\n<p id=\"naturstimme\"><\/p>\n<\/div>\n<\/div>\n\n\n\n<h2 class=\"wp-block-heading\"><\/h2>\n\n\n\n<p><\/p>\n","protected":false},"excerpt":{"rendered":"<p>Regelm\u00e4\u00dfige Angebote &#8211; Offen f\u00fcr alle! Jeder kann singen &#8211; du auch! Hier sind deine Singgelegenheiten f\u00fcr den Alltag. Einfach Miteinander Singen im Leipziger S\u00fcdosten Offen f\u00fcr alle, ohne Anmeldung, auf Spendenbasis. Jede Woche ein anderer Schwerpunkt: Wann: immer mittwochs \/ 19:00 &#8211; 20:30 Uhr \/ au\u00dfer in den FerienWo: Berggut Holzhausen, Zuckelhausener Ring 17, &hellip; <\/p>\n<p class=\"link-more\"><a href=\"https:\/\/jana-stefanek.de\/?page_id=54\" class=\"more-link\">Mehr <span class=\"screen-reader-text\">\u00fcber &#8222;Termine&#8220; <\/span>Lesen<\/a><\/p>\n","protected":false},"author":1,"featured_media":0,"parent":0,"menu_order":0,"comment_status":"closed","ping_status":"closed","template":"","meta":{"inspiro_hide_title":false,"footnotes":""},"class_list":["post-54","page","type-page","status-publish","hentry"],"_links":{"self":[{"href":"https:\/\/jana-stefanek.de\/index.php?rest_route=\/wp\/v2\/pages\/54","targetHints":{"allow":["GET"]}}],"collection":[{"href":"https:\/\/jana-stefanek.de\/index.php?rest_route=\/wp\/v2\/pages"}],"about":[{"href":"https:\/\/jana-stefanek.de\/index.php?rest_route=\/wp\/v2\/types\/page"}],"author":[{"embeddable":true,"href":"https:\/\/jana-stefanek.de\/index.php?rest_route=\/wp\/v2\/users\/1"}],"replies":[{"embeddable":true,"href":"https:\/\/jana-stefanek.de\/index.php?rest_route=%2Fwp%2Fv2%2Fcomments&post=54"}],"version-history":[{"count":22,"href":"https:\/\/jana-stefanek.de\/index.php?rest_route=\/wp\/v2\/pages\/54\/revisions"}],"predecessor-version":[{"id":630,"href":"https:\/\/jana-stefanek.de\/index.php?rest_route=\/wp\/v2\/pages\/54\/revisions\/630"}],"wp:attachment":[{"href":"https:\/\/jana-stefanek.de\/index.php?rest_route=%2Fwp%2Fv2%2Fmedia&parent=54"}],"curies":[{"name":"wp","href":"https:\/\/api.w.org\/{rel}","templated":true}]}}