{"id":649,"date":"2025-11-10T20:15:19","date_gmt":"2025-11-10T19:15:19","guid":{"rendered":"https:\/\/jana-stefanek.de\/?page_id=649"},"modified":"2025-11-10T20:19:14","modified_gmt":"2025-11-10T19:19:14","slug":"georgische-lieder-gesangsseminar","status":"publish","type":"page","link":"https:\/\/jana-stefanek.de\/?page_id=649","title":{"rendered":"Georgische Lieder &#8211; Gesangsseminar"},"content":{"rendered":"\n<div class=\"wp-block-columns is-layout-flex wp-container-core-columns-is-layout-28f84493 wp-block-columns-is-layout-flex\">\n<div class=\"wp-block-column is-layout-flow wp-block-column-is-layout-flow\" style=\"flex-basis:33.33%\">\n<figure class=\"wp-block-image size-full\"><a href=\"https:\/\/jana-stefanek.de\/wp-content\/uploads\/2025\/11\/\u10d4\u10e0\u10d7\u10d0\u10d3-\u10db\u10e6\u10d4\u10e0\u10d8\u10d0\u10dc-miteinander-singen-1.jpg\"><img fetchpriority=\"high\" decoding=\"async\" width=\"656\" height=\"928\" src=\"https:\/\/jana-stefanek.de\/wp-content\/uploads\/2025\/11\/\u10d4\u10e0\u10d7\u10d0\u10d3-\u10db\u10e6\u10d4\u10e0\u10d8\u10d0\u10dc-miteinander-singen-1.jpg\" alt=\"\" class=\"wp-image-655\" srcset=\"https:\/\/jana-stefanek.de\/wp-content\/uploads\/2025\/11\/\u10d4\u10e0\u10d7\u10d0\u10d3-\u10db\u10e6\u10d4\u10e0\u10d8\u10d0\u10dc-miteinander-singen-1.jpg 656w, https:\/\/jana-stefanek.de\/wp-content\/uploads\/2025\/11\/\u10d4\u10e0\u10d7\u10d0\u10d3-\u10db\u10e6\u10d4\u10e0\u10d8\u10d0\u10dc-miteinander-singen-1-212x300.jpg 212w\" sizes=\"(max-width: 656px) 100vw, 656px\" \/><\/a><\/figure>\n<\/div>\n\n\n\n<div class=\"wp-block-column is-layout-flow wp-block-column-is-layout-flow\" style=\"flex-basis:66.66%\">\n<p class=\"has-medium-font-size\"><strong>Musik &amp; Miteinander<\/strong><\/p>\n\n\n\n<p>In den letzten Jahren hat der georgische Gesang auch im Westen <strong>wachsende Aufmerksamkeit<\/strong> gefunden. In dieser Musik wird etwas sp\u00fcrbar, das <strong>\u00e4lter ist als unsere Begriffe f\u00fcr Harmonie und Klang<\/strong>. Die traditionelle georgische Polyphonie ist <strong>einzigartig<\/strong> &#8211; sie entfaltet ihre <strong>Wirkung<\/strong> <strong>zwischen den Stimmen<\/strong>, im gemeinsamen Atem, in der Spannung und in der Klanglichkeit der Sprache.<\/p>\n\n\n\n<p>Diese Musik <strong>ber\u00fchrt.<\/strong> Ihre Magie liegt im kaum Benennbaren, doch wahrnehmbar w\u00e4hrend des Singens. Lieder, die dazu einladen dich zu <strong>sammeln<\/strong>, zu <strong>\u00f6ffnen<\/strong> und <strong>zu verbinden<\/strong> &#8211; kraftvoll, zart, jammernd und jauchzend. <br>Man kann viel dar\u00fcber lesen, doch das <strong>Wesentliche erschlie\u00dft sich erst, wenn man singt<\/strong>. Aus dieser Erfahrung heraus kann sich Grunds\u00e4tzliches ver\u00e4ndern.<\/p>\n\n\n\n<p>Neben der musikalischen Arbeit wird auch die georgische Esskultur \u2013 die <strong>\u201eSupra\u201c<\/strong>, das traditionelle gemeinsame Tafeln -Teil unseres Erlebens sein. Wir <strong>singen, essen und genie\u00dfen<\/strong> zusammen, wie es in weiten Teilen Georgiens noch Brauch ist.  <strong>Miteinander.<\/strong><\/p>\n\n\n\n<p><\/p>\n<\/div>\n<\/div>\n\n\n\n<hr class=\"wp-block-separator has-alpha-channel-opacity\"\/>\n\n\n\n<p class=\"has-medium-font-size\"><strong>Willkommen sind:<\/strong><\/p>\n\n\n\n<ul class=\"wp-block-list\">\n<li>Menschen, die bereits an meinen offenen Singabenden teilgenommen haben und sich ein intensiveres Eintauchen w\u00fcnschen,<\/li>\n\n\n\n<li>Neugierige, die georgische Lieder zum ersten Mal erleben und sich von ihrer Schlichtheit, Tiefe und Kraft ansprechen lassen,<\/li>\n\n\n\n<li>Singende, die erfahren m\u00f6chten, wie sich diese Lieder in Stimme, K\u00f6rper und Gemeinschaft entfalten,<\/li>\n\n\n\n<li>G\u00e4ste von au\u00dferhalb, die sich ein besonderes Wochenende in Leipzig g\u00f6nnen wollen \u2013 inmitten von Klang, Begegnung und fr\u00fchem Fr\u00fchling.<\/li>\n<\/ul>\n\n\n\n<hr class=\"wp-block-separator has-alpha-channel-opacity\"\/>\n\n\n\n<div class=\"wp-block-columns is-layout-flex wp-container-core-columns-is-layout-28f84493 wp-block-columns-is-layout-flex\">\n<div class=\"wp-block-column is-layout-flow wp-block-column-is-layout-flow\">\n<p class=\"has-medium-font-size\"><strong>Freitag, 13. M\u00e4rz 2026 <\/strong><br><strong>Auftakt &amp; Begegnung<\/strong><br><strong>ab 18:00 Uhr bei Jana zu Hause<\/strong> (Pfarrweg 1, Leipzig-Holzhausen)<\/p>\n\n\n\n<ul class=\"wp-block-list\">\n<li>Gemeinsames Abendessen im Sinne einer georgischen Supra (jeder bringt etwas mit)<\/li>\n\n\n\n<li>Einstimmung mit Tischgesang und Kennenlernen<\/li>\n\n\n\n<li>Reisebericht und visueller Impuls aus Georgien<\/li>\n\n\n\n<li>Ein ruhiges Abend- und Schlaflied rundet den Tag ab<\/li>\n<\/ul>\n<\/div>\n\n\n\n<div class=\"wp-block-column is-layout-flow wp-block-column-is-layout-flow\">\n<p class=\"has-medium-font-size\"><strong>Samstag, 14. M\u00e4rz 2026<\/strong> <br><strong>Miteinander Singen<\/strong><br><strong>10:00 \u2013 18:00 Uhr \u00b7<\/strong> Auenkirchgemeinde Markkleeberg-Ost<\/p>\n\n\n\n<ul class=\"wp-block-list\">\n<li>Beginn mit einem fundierten Einsingen &#8211; Atmen, T\u00f6nen, \u00d6ffnen der R\u00e4ume <\/li>\n\n\n\n<li>Wahrnehmung der Resonanzen und Vibrationen, wie sie f\u00fcr den georgischen Gesang charakteristisch sind<\/li>\n\n\n\n<li>Erarbeiten neuer Lieder und Vertiefen bekannter St\u00fccke<\/li>\n\n\n\n<li>Mittagspause mit gemeinsamem Mitbringbuffet<\/li>\n\n\n\n<li>Weiterabeit an Stimme, Klang und Repertoire am Nachmittag<\/li>\n\n\n\n<li><em>nach Bedarf Film \u00fcber die georgische Gesangskultur <em>bei Jana zu Hause <\/em><\/em><br><\/li>\n<\/ul>\n<\/div>\n\n\n\n<div class=\"wp-block-column is-layout-flow wp-block-column-is-layout-flow\">\n<p class=\"has-medium-font-size\"><strong>Sonntag, 15. M\u00e4rz 2026<\/strong> <br><strong>Abschluss &amp; Ausklang<\/strong><br><strong>10:00 \u2013 ca. 16:00 Uhr \u00b7 <\/strong>Auenkirchgemeinde Markkleeberg-Ost<\/p>\n\n\n\n<ul class=\"wp-block-list\">\n<li>Gemeinsames Einsingen<\/li>\n\n\n\n<li>Wiederholen, Vertiefen der Lieder<\/li>\n\n\n\n<li>Mittagspause mit gemeinsamen Buffet<\/li>\n\n\n\n<li>Abschlussrunde &amp; Klangkreis<\/li>\n\n\n\n<li>gemeinsames Aufr\u00e4umen<\/li>\n<\/ul>\n<\/div>\n<\/div>\n\n\n\n<hr class=\"wp-block-separator has-alpha-channel-opacity\"\/>\n\n\n\n<p class=\"has-medium-font-size\"><strong>Alles im \u00dcberblick<\/strong><\/p>\n\n\n\n<figure class=\"wp-block-table\"><table><tbody><tr><td><strong>Leitung<\/strong><\/td><td><strong><a href=\"https:\/\/jana-stefanek.de\/?page_id=51\">Jana Stefanek<\/a><\/strong><\/td><\/tr><tr><td><strong>Ort<\/strong><\/td><td><strong>Fr.:<\/strong> <a href=\"https:\/\/www.google.com\/maps\/place\/Pfarrweg+1,+04288+Leipzig\/@51.3070821,12.463548,17z\/data=!3m1!4b1!4m6!3m5!1s0x47a6f92c5c88b545:0xbb661acd9175890c!8m2!3d51.3070788!4d12.4661283!16s%2Fg%2F11c19fb8cd?entry=ttu&amp;g_ep=EgoyMDI1MTEwNC4xIKXMDSoASAFQAw%3D%3D\">Pfarrweg 1<\/a>, 04288 Leipzig-Holzhausen<br><strong>Sa. &amp; So.:<\/strong> <a href=\"https:\/\/www.google.com\/maps\/place\/Pfarramt+der+Auenkirchgemeinde+Markkleeberg-Ost\/@51.2774804,12.3916325,17z\/data=!3m1!4b1!4m6!3m5!1s0x47a6fa2a2f5589e1:0x67e4b318d78e5f18!8m2!3d51.2774804!4d12.3916325!16s%2Fg%2F1tf5_9pb?entry=ttu&amp;g_ep=EgoyMDI1MTEwNC4xIKXMDSoASAFQAw%3D%3D\">Auenkirchgemeinde<\/a>, Kirchstr. 36, 04416 Markkleeberg<\/td><\/tr><tr><td><strong>Kosten<\/strong><\/td><td>nach eigenem Ermessen<br><strong>80 \/ 100 \/ 120 \u20ac<\/strong><\/td><\/tr><tr><td><strong>Teilnehmerzahl<\/strong><\/td><td>begrenzt auf ca. <strong>20 Personen<\/strong><\/td><\/tr><tr><td><strong>Verpflegung<\/strong><\/td><td><strong>gemeinsame Mahlzeiten<\/strong> &#8211; inspiriert von georgischer K\u00fcche (jeder bringt etwas mit)<\/td><\/tr><tr><td><strong>Kontakt &amp; Anmeldung<\/strong><\/td><td><a href=\"https:\/\/jana-stefanek.de\/?page_id=65\"><strong>hier anmelden<\/strong><\/a><\/td><\/tr><tr><td><strong>Fragen?<\/strong><\/td><td>per Mail oder <strong>Telefon 0176 61102870<\/strong><\/td><\/tr><\/tbody><\/table><\/figure>\n\n\n\n<p><\/p>\n\n\n\n<pre id=\"tw-target-text\" class=\"wp-block-preformatted\"><\/pre>\n\n\n\n<p><br><br><\/p>\n\n\n\n<div class=\"wp-block-columns is-layout-flex wp-container-core-columns-is-layout-28f84493 wp-block-columns-is-layout-flex\">\n<div class=\"wp-block-column is-layout-flow wp-block-column-is-layout-flow\" style=\"flex-basis:66.66%\">\n<p><br><\/p>\n<\/div>\n\n\n\n<div class=\"wp-block-column is-layout-flow wp-block-column-is-layout-flow\" style=\"flex-basis:33.33%\"><\/div>\n<\/div>\n\n\n\n<div class=\"wp-block-columns is-layout-flex wp-container-core-columns-is-layout-28f84493 wp-block-columns-is-layout-flex\">\n<div class=\"wp-block-column is-layout-flow wp-block-column-is-layout-flow\" style=\"flex-basis:33.33%\"><\/div>\n\n\n\n<div class=\"wp-block-column is-layout-flow wp-block-column-is-layout-flow\" style=\"flex-basis:66.66%\"><\/div>\n<\/div>\n\n\n\n<div class=\"wp-block-columns is-layout-flex wp-container-core-columns-is-layout-28f84493 wp-block-columns-is-layout-flex\">\n<div class=\"wp-block-column is-layout-flow wp-block-column-is-layout-flow\" style=\"flex-basis:66.66%\"><\/div>\n\n\n\n<div class=\"wp-block-column is-layout-flow wp-block-column-is-layout-flow\" style=\"flex-basis:33.33%\"><\/div>\n<\/div>\n\n\n\n<div class=\"wp-block-columns is-layout-flex wp-container-core-columns-is-layout-28f84493 wp-block-columns-is-layout-flex\">\n<div class=\"wp-block-column is-layout-flow wp-block-column-is-layout-flow\" style=\"flex-basis:33.33%\"><\/div>\n\n\n\n<div class=\"wp-block-column is-layout-flow wp-block-column-is-layout-flow\" style=\"flex-basis:66.66%\">\n<p><\/p>\n\n\n\n<p><br><\/p>\n<\/div>\n<\/div>\n","protected":false},"excerpt":{"rendered":"<p>Musik &amp; Miteinander In den letzten Jahren hat der georgische Gesang auch im Westen wachsende Aufmerksamkeit gefunden. In dieser Musik wird etwas sp\u00fcrbar, das \u00e4lter ist als unsere Begriffe f\u00fcr Harmonie und Klang. Die traditionelle georgische Polyphonie ist einzigartig &#8211; sie entfaltet ihre Wirkung zwischen den Stimmen, im gemeinsamen Atem, in der Spannung und in &hellip; <\/p>\n<p class=\"link-more\"><a href=\"https:\/\/jana-stefanek.de\/?page_id=649\" class=\"more-link\">Mehr <span class=\"screen-reader-text\">\u00fcber &#8222;Georgische Lieder &#8211; Gesangsseminar&#8220; <\/span>Lesen<\/a><\/p>\n","protected":false},"author":1,"featured_media":0,"parent":0,"menu_order":0,"comment_status":"closed","ping_status":"closed","template":"","meta":{"inspiro_hide_title":false,"footnotes":""},"class_list":["post-649","page","type-page","status-publish","hentry"],"_links":{"self":[{"href":"https:\/\/jana-stefanek.de\/index.php?rest_route=\/wp\/v2\/pages\/649","targetHints":{"allow":["GET"]}}],"collection":[{"href":"https:\/\/jana-stefanek.de\/index.php?rest_route=\/wp\/v2\/pages"}],"about":[{"href":"https:\/\/jana-stefanek.de\/index.php?rest_route=\/wp\/v2\/types\/page"}],"author":[{"embeddable":true,"href":"https:\/\/jana-stefanek.de\/index.php?rest_route=\/wp\/v2\/users\/1"}],"replies":[{"embeddable":true,"href":"https:\/\/jana-stefanek.de\/index.php?rest_route=%2Fwp%2Fv2%2Fcomments&post=649"}],"version-history":[{"count":27,"href":"https:\/\/jana-stefanek.de\/index.php?rest_route=\/wp\/v2\/pages\/649\/revisions"}],"predecessor-version":[{"id":678,"href":"https:\/\/jana-stefanek.de\/index.php?rest_route=\/wp\/v2\/pages\/649\/revisions\/678"}],"wp:attachment":[{"href":"https:\/\/jana-stefanek.de\/index.php?rest_route=%2Fwp%2Fv2%2Fmedia&parent=649"}],"curies":[{"name":"wp","href":"https:\/\/api.w.org\/{rel}","templated":true}]}}